{"id":125,"date":"2026-02-01T14:45:45","date_gmt":"2026-02-01T14:45:45","guid":{"rendered":"https:\/\/overlandtravel.org\/ecuador\/?page_id=125"},"modified":"2026-02-01T17:50:57","modified_gmt":"2026-02-01T17:50:57","slug":"ingapirca-ruins-inca-empire","status":"publish","type":"page","link":"https:\/\/overlandtravel.org\/ecuador\/ingapirca-ruins-inca-empire\/","title":{"rendered":"Ingapirca Ruins Inca Empire"},"content":{"rendered":"\n<div class=\"wp-block-columns alignwide is-layout-flex wp-container-core-columns-is-layout-9d6595d7 wp-block-columns-is-layout-flex\">\n<div class=\"wp-block-column is-layout-flow wp-block-column-is-layout-flow\"><div class=\"wp-block-image\">\n<figure class=\"aligncenter size-full\"><a href=\"https:\/\/overlandtravel.org\/ecuador\/wp-content\/uploads\/2026\/02\/Ingapirca-Ruins-Inca-Empire-Ecuador-17.jpg\" target=\"_blank\" rel=\" noreferrer noopener\"><img loading=\"lazy\" decoding=\"async\" width=\"1024\" height=\"683\" src=\"https:\/\/overlandtravel.org\/ecuador\/wp-content\/uploads\/2026\/02\/Ingapirca-Ruins-Inca-Empire-Ecuador-17.jpg\" alt=\"\" class=\"wp-image-139\" srcset=\"https:\/\/overlandtravel.org\/ecuador\/wp-content\/uploads\/2026\/02\/Ingapirca-Ruins-Inca-Empire-Ecuador-17.jpg 1024w, https:\/\/overlandtravel.org\/ecuador\/wp-content\/uploads\/2026\/02\/Ingapirca-Ruins-Inca-Empire-Ecuador-17-300x200.jpg 300w, https:\/\/overlandtravel.org\/ecuador\/wp-content\/uploads\/2026\/02\/Ingapirca-Ruins-Inca-Empire-Ecuador-17-768x512.jpg 768w\" sizes=\"auto, (max-width: 1024px) 100vw, 1024px\" \/><\/a><\/figure>\n<\/div><\/div>\n\n\n\n<div class=\"wp-block-column is-layout-flow wp-block-column-is-layout-flow\"><div class=\"wp-block-image\">\n<figure class=\"aligncenter size-full\"><a href=\"https:\/\/overlandtravel.org\/ecuador\/wp-content\/uploads\/2026\/02\/Ingapirca-Ruins-Inca-Empire-Ecuador-1.jpg\" target=\"_blank\" rel=\" noreferrer noopener\"><img loading=\"lazy\" decoding=\"async\" width=\"1024\" height=\"683\" src=\"https:\/\/overlandtravel.org\/ecuador\/wp-content\/uploads\/2026\/02\/Ingapirca-Ruins-Inca-Empire-Ecuador-1.jpg\" alt=\"\" class=\"wp-image-136\" srcset=\"https:\/\/overlandtravel.org\/ecuador\/wp-content\/uploads\/2026\/02\/Ingapirca-Ruins-Inca-Empire-Ecuador-1.jpg 1024w, https:\/\/overlandtravel.org\/ecuador\/wp-content\/uploads\/2026\/02\/Ingapirca-Ruins-Inca-Empire-Ecuador-1-300x200.jpg 300w, https:\/\/overlandtravel.org\/ecuador\/wp-content\/uploads\/2026\/02\/Ingapirca-Ruins-Inca-Empire-Ecuador-1-768x512.jpg 768w\" sizes=\"auto, (max-width: 1024px) 100vw, 1024px\" \/><\/a><\/figure>\n<\/div><\/div>\n<\/div>\n\n\n\n<div class=\"wp-block-columns alignwide is-layout-flex wp-container-core-columns-is-layout-9d6595d7 wp-block-columns-is-layout-flex\">\n<div class=\"wp-block-column is-layout-flow wp-block-column-is-layout-flow\">\nIngapirca is the largest and most significant Inca archaeological complex in Ecuador, located in the province of Ca\u00f1ar. The ruins represent a blend of Inca architecture and Ca\u00f1ari culture. It is the largest and best-preserved Inca monument in the country, built on the site of a former Ca\u00f1ari settlement at an altitude of over 3,100 meters. The name translates from Quechua as &#171;Inca wall&#187; or &#171;Inca fortress.&#187;\n<\/div>\n<\/div>\n\n\n\n<div class=\"wp-block-columns alignwide is-layout-flex wp-container-core-columns-is-layout-9d6595d7 wp-block-columns-is-layout-flex\">\n<div class=\"wp-block-column is-layout-flow wp-block-column-is-layout-flow\"><div class=\"wp-block-image\">\n<figure class=\"aligncenter size-full\"><a href=\"https:\/\/overlandtravel.org\/ecuador\/wp-content\/uploads\/2026\/02\/Ingapirca-Ruins-Inca-Empire-Ecuador-11.jpg\" target=\"_blank\" rel=\" noreferrer noopener\"><img loading=\"lazy\" decoding=\"async\" width=\"1024\" height=\"683\" src=\"https:\/\/overlandtravel.org\/ecuador\/wp-content\/uploads\/2026\/02\/Ingapirca-Ruins-Inca-Empire-Ecuador-11.jpg\" alt=\"\" class=\"wp-image-133\" srcset=\"https:\/\/overlandtravel.org\/ecuador\/wp-content\/uploads\/2026\/02\/Ingapirca-Ruins-Inca-Empire-Ecuador-11.jpg 1024w, https:\/\/overlandtravel.org\/ecuador\/wp-content\/uploads\/2026\/02\/Ingapirca-Ruins-Inca-Empire-Ecuador-11-300x200.jpg 300w, https:\/\/overlandtravel.org\/ecuador\/wp-content\/uploads\/2026\/02\/Ingapirca-Ruins-Inca-Empire-Ecuador-11-768x512.jpg 768w\" sizes=\"auto, (max-width: 1024px) 100vw, 1024px\" \/><\/a><\/figure>\n<\/div><\/div>\n\n\n\n<div class=\"wp-block-column is-layout-flow wp-block-column-is-layout-flow\"><div class=\"wp-block-image\">\n<figure class=\"aligncenter size-full\"><a href=\"https:\/\/overlandtravel.org\/ecuador\/wp-content\/uploads\/2026\/02\/Ingapirca-Ruins-Inca-Empire-Ecuador-7.jpg\" target=\"_blank\" rel=\" noreferrer noopener\"><img loading=\"lazy\" decoding=\"async\" width=\"1024\" height=\"683\" src=\"https:\/\/overlandtravel.org\/ecuador\/wp-content\/uploads\/2026\/02\/Ingapirca-Ruins-Inca-Empire-Ecuador-7.jpg\" alt=\"\" class=\"wp-image-134\" srcset=\"https:\/\/overlandtravel.org\/ecuador\/wp-content\/uploads\/2026\/02\/Ingapirca-Ruins-Inca-Empire-Ecuador-7.jpg 1024w, https:\/\/overlandtravel.org\/ecuador\/wp-content\/uploads\/2026\/02\/Ingapirca-Ruins-Inca-Empire-Ecuador-7-300x200.jpg 300w, https:\/\/overlandtravel.org\/ecuador\/wp-content\/uploads\/2026\/02\/Ingapirca-Ruins-Inca-Empire-Ecuador-7-768x512.jpg 768w\" sizes=\"auto, (max-width: 1024px) 100vw, 1024px\" \/><\/a><\/figure>\n<\/div><\/div>\n<\/div>\n\n\n\n<div class=\"wp-block-columns alignwide is-layout-flex wp-container-core-columns-is-layout-9d6595d7 wp-block-columns-is-layout-flex\">\n<div class=\"wp-block-column is-layout-flow wp-block-column-is-layout-flow\">\nThe complex originally belonged to the Ca\u00f1ari people but was conquered by the Incas, so the architecture combines engineering techniques from both cultures. The main attraction is the elliptical &#171;Temple of the Sun&#187; built without mortar, as well as the remains of residential buildings, plazas, and sacred sites. A museum is located next to the ruins, displaying ceramics, jewelry, and other artifacts found there.\n<\/div>\n<\/div>\n\n\n\n<div class=\"wp-block-columns alignwide is-layout-flex wp-container-core-columns-is-layout-9d6595d7 wp-block-columns-is-layout-flex\">\n<div class=\"wp-block-column is-layout-flow wp-block-column-is-layout-flow\"><div class=\"wp-block-image\">\n<figure class=\"aligncenter size-full\"><a href=\"https:\/\/overlandtravel.org\/ecuador\/wp-content\/uploads\/2026\/02\/Ingapirca-Ruins-Inca-Empire-Ecuador-19.jpg\" target=\"_blank\" rel=\" noreferrer noopener\"><img loading=\"lazy\" decoding=\"async\" width=\"1024\" height=\"683\" src=\"https:\/\/overlandtravel.org\/ecuador\/wp-content\/uploads\/2026\/02\/Ingapirca-Ruins-Inca-Empire-Ecuador-19.jpg\" alt=\"\" class=\"wp-image-141\" srcset=\"https:\/\/overlandtravel.org\/ecuador\/wp-content\/uploads\/2026\/02\/Ingapirca-Ruins-Inca-Empire-Ecuador-19.jpg 1024w, https:\/\/overlandtravel.org\/ecuador\/wp-content\/uploads\/2026\/02\/Ingapirca-Ruins-Inca-Empire-Ecuador-19-300x200.jpg 300w, https:\/\/overlandtravel.org\/ecuador\/wp-content\/uploads\/2026\/02\/Ingapirca-Ruins-Inca-Empire-Ecuador-19-768x512.jpg 768w\" sizes=\"auto, (max-width: 1024px) 100vw, 1024px\" \/><\/a><\/figure>\n<\/div><\/div>\n\n\n\n<div class=\"wp-block-column is-layout-flow wp-block-column-is-layout-flow\"><div class=\"wp-block-image\">\n<figure class=\"aligncenter size-full\"><a href=\"https:\/\/overlandtravel.org\/ecuador\/wp-content\/uploads\/2026\/02\/Ingapirca-Ruins-Inca-Empire-Ecuador-2.jpg\" target=\"_blank\" rel=\" noreferrer noopener\"><img loading=\"lazy\" decoding=\"async\" width=\"1024\" height=\"683\" src=\"https:\/\/overlandtravel.org\/ecuador\/wp-content\/uploads\/2026\/02\/Ingapirca-Ruins-Inca-Empire-Ecuador-2.jpg\" alt=\"\" class=\"wp-image-142\" srcset=\"https:\/\/overlandtravel.org\/ecuador\/wp-content\/uploads\/2026\/02\/Ingapirca-Ruins-Inca-Empire-Ecuador-2.jpg 1024w, https:\/\/overlandtravel.org\/ecuador\/wp-content\/uploads\/2026\/02\/Ingapirca-Ruins-Inca-Empire-Ecuador-2-300x200.jpg 300w, https:\/\/overlandtravel.org\/ecuador\/wp-content\/uploads\/2026\/02\/Ingapirca-Ruins-Inca-Empire-Ecuador-2-768x512.jpg 768w\" sizes=\"auto, (max-width: 1024px) 100vw, 1024px\" \/><\/a><\/figure>\n<\/div><\/div>\n<\/div>\n","protected":false},"excerpt":{"rendered":"","protected":false},"author":1,"featured_media":0,"parent":0,"menu_order":0,"comment_status":"closed","ping_status":"closed","template":"","meta":{"pagelayer_contact_templates":[],"_pagelayer_content":"","footnotes":""},"class_list":["post-125","page","type-page","status-publish"],"yoast_head":"<!-- This site is optimized with the Yoast SEO plugin v27.1.1 - https:\/\/yoast.com\/product\/yoast-seo-wordpress\/ -->\n<title>Ingapirca Ruins Inca Empire - Travel Ecuador<\/title>\n<meta name=\"robots\" content=\"index, follow, max-snippet:-1, max-image-preview:large, max-video-preview:-1\" \/>\n<link rel=\"canonical\" href=\"https:\/\/overlandtravel.org\/ecuador\/ingapirca-ruins-inca-empire\/\" \/>\n<meta property=\"og:locale\" content=\"ru_RU\" \/>\n<meta property=\"og:type\" content=\"article\" \/>\n<meta property=\"og:title\" content=\"Ingapirca Ruins Inca Empire - Travel Ecuador\" \/>\n<meta property=\"og:url\" content=\"https:\/\/overlandtravel.org\/ecuador\/ingapirca-ruins-inca-empire\/\" \/>\n<meta property=\"og:site_name\" content=\"Travel Ecuador\" \/>\n<meta property=\"article:modified_time\" content=\"2026-02-01T17:50:57+00:00\" \/>\n<meta property=\"og:image\" content=\"https:\/\/overlandtravel.org\/ecuador\/wp-content\/uploads\/2026\/02\/Ingapirca-Ruins-Inca-Empire-Ecuador-17.jpg\" \/>\n\t<meta property=\"og:image:width\" content=\"1024\" \/>\n\t<meta property=\"og:image:height\" content=\"683\" \/>\n\t<meta property=\"og:image:type\" content=\"image\/jpeg\" \/>\n<meta name=\"twitter:card\" content=\"summary_large_image\" \/>\n<meta name=\"twitter:label1\" content=\"\u041f\u0440\u0438\u043c\u0435\u0440\u043d\u043e\u0435 \u0432\u0440\u0435\u043c\u044f \u0434\u043b\u044f \u0447\u0442\u0435\u043d\u0438\u044f\" \/>\n\t<meta name=\"twitter:data1\" content=\"2 \u043c\u0438\u043d\u0443\u0442\u044b\" \/>\n<script type=\"application\/ld+json\" class=\"yoast-schema-graph\">{\"@context\":\"https:\/\/schema.org\",\"@graph\":[{\"@type\":\"WebPage\",\"@id\":\"https:\/\/overlandtravel.org\/ecuador\/ingapirca-ruins-inca-empire\/\",\"url\":\"https:\/\/overlandtravel.org\/ecuador\/ingapirca-ruins-inca-empire\/\",\"name\":\"Ingapirca Ruins Inca Empire - Travel Ecuador\",\"isPartOf\":{\"@id\":\"https:\/\/overlandtravel.org\/ecuador\/#website\"},\"primaryImageOfPage\":{\"@id\":\"https:\/\/overlandtravel.org\/ecuador\/ingapirca-ruins-inca-empire\/#primaryimage\"},\"image\":{\"@id\":\"https:\/\/overlandtravel.org\/ecuador\/ingapirca-ruins-inca-empire\/#primaryimage\"},\"thumbnailUrl\":\"https:\/\/overlandtravel.org\/ecuador\/wp-content\/uploads\/2026\/02\/Ingapirca-Ruins-Inca-Empire-Ecuador-17.jpg\",\"datePublished\":\"2026-02-01T14:45:45+00:00\",\"dateModified\":\"2026-02-01T17:50:57+00:00\",\"breadcrumb\":{\"@id\":\"https:\/\/overlandtravel.org\/ecuador\/ingapirca-ruins-inca-empire\/#breadcrumb\"},\"inLanguage\":\"ru-RU\",\"potentialAction\":[{\"@type\":\"ReadAction\",\"target\":[\"https:\/\/overlandtravel.org\/ecuador\/ingapirca-ruins-inca-empire\/\"]}]},{\"@type\":\"ImageObject\",\"inLanguage\":\"ru-RU\",\"@id\":\"https:\/\/overlandtravel.org\/ecuador\/ingapirca-ruins-inca-empire\/#primaryimage\",\"url\":\"https:\/\/overlandtravel.org\/ecuador\/wp-content\/uploads\/2026\/02\/Ingapirca-Ruins-Inca-Empire-Ecuador-17.jpg\",\"contentUrl\":\"https:\/\/overlandtravel.org\/ecuador\/wp-content\/uploads\/2026\/02\/Ingapirca-Ruins-Inca-Empire-Ecuador-17.jpg\"},{\"@type\":\"BreadcrumbList\",\"@id\":\"https:\/\/overlandtravel.org\/ecuador\/ingapirca-ruins-inca-empire\/#breadcrumb\",\"itemListElement\":[{\"@type\":\"ListItem\",\"position\":1,\"name\":\"\u0413\u043b\u0430\u0432\u043d\u0430\u044f \u0441\u0442\u0440\u0430\u043d\u0438\u0446\u0430\",\"item\":\"https:\/\/overlandtravel.org\/ecuador\/\"},{\"@type\":\"ListItem\",\"position\":2,\"name\":\"Ingapirca Ruins Inca Empire\"}]},{\"@type\":\"WebSite\",\"@id\":\"https:\/\/overlandtravel.org\/ecuador\/#website\",\"url\":\"https:\/\/overlandtravel.org\/ecuador\/\",\"name\":\"Travel Ecuador\",\"description\":\"Travel Ecuador\",\"potentialAction\":[{\"@type\":\"SearchAction\",\"target\":{\"@type\":\"EntryPoint\",\"urlTemplate\":\"https:\/\/overlandtravel.org\/ecuador\/?s={search_term_string}\"},\"query-input\":{\"@type\":\"PropertyValueSpecification\",\"valueRequired\":true,\"valueName\":\"search_term_string\"}}],\"inLanguage\":\"ru-RU\"}]}<\/script>\n<!-- \/ Yoast SEO plugin. -->","yoast_head_json":{"title":"Ingapirca Ruins Inca Empire - Travel Ecuador","robots":{"index":"index","follow":"follow","max-snippet":"max-snippet:-1","max-image-preview":"max-image-preview:large","max-video-preview":"max-video-preview:-1"},"canonical":"https:\/\/overlandtravel.org\/ecuador\/ingapirca-ruins-inca-empire\/","og_locale":"ru_RU","og_type":"article","og_title":"Ingapirca Ruins Inca Empire - Travel Ecuador","og_url":"https:\/\/overlandtravel.org\/ecuador\/ingapirca-ruins-inca-empire\/","og_site_name":"Travel Ecuador","article_modified_time":"2026-02-01T17:50:57+00:00","og_image":[{"width":1024,"height":683,"url":"https:\/\/overlandtravel.org\/ecuador\/wp-content\/uploads\/2026\/02\/Ingapirca-Ruins-Inca-Empire-Ecuador-17.jpg","type":"image\/jpeg"}],"twitter_card":"summary_large_image","twitter_misc":{"\u041f\u0440\u0438\u043c\u0435\u0440\u043d\u043e\u0435 \u0432\u0440\u0435\u043c\u044f \u0434\u043b\u044f \u0447\u0442\u0435\u043d\u0438\u044f":"2 \u043c\u0438\u043d\u0443\u0442\u044b"},"schema":{"@context":"https:\/\/schema.org","@graph":[{"@type":"WebPage","@id":"https:\/\/overlandtravel.org\/ecuador\/ingapirca-ruins-inca-empire\/","url":"https:\/\/overlandtravel.org\/ecuador\/ingapirca-ruins-inca-empire\/","name":"Ingapirca Ruins Inca Empire - Travel Ecuador","isPartOf":{"@id":"https:\/\/overlandtravel.org\/ecuador\/#website"},"primaryImageOfPage":{"@id":"https:\/\/overlandtravel.org\/ecuador\/ingapirca-ruins-inca-empire\/#primaryimage"},"image":{"@id":"https:\/\/overlandtravel.org\/ecuador\/ingapirca-ruins-inca-empire\/#primaryimage"},"thumbnailUrl":"https:\/\/overlandtravel.org\/ecuador\/wp-content\/uploads\/2026\/02\/Ingapirca-Ruins-Inca-Empire-Ecuador-17.jpg","datePublished":"2026-02-01T14:45:45+00:00","dateModified":"2026-02-01T17:50:57+00:00","breadcrumb":{"@id":"https:\/\/overlandtravel.org\/ecuador\/ingapirca-ruins-inca-empire\/#breadcrumb"},"inLanguage":"ru-RU","potentialAction":[{"@type":"ReadAction","target":["https:\/\/overlandtravel.org\/ecuador\/ingapirca-ruins-inca-empire\/"]}]},{"@type":"ImageObject","inLanguage":"ru-RU","@id":"https:\/\/overlandtravel.org\/ecuador\/ingapirca-ruins-inca-empire\/#primaryimage","url":"https:\/\/overlandtravel.org\/ecuador\/wp-content\/uploads\/2026\/02\/Ingapirca-Ruins-Inca-Empire-Ecuador-17.jpg","contentUrl":"https:\/\/overlandtravel.org\/ecuador\/wp-content\/uploads\/2026\/02\/Ingapirca-Ruins-Inca-Empire-Ecuador-17.jpg"},{"@type":"BreadcrumbList","@id":"https:\/\/overlandtravel.org\/ecuador\/ingapirca-ruins-inca-empire\/#breadcrumb","itemListElement":[{"@type":"ListItem","position":1,"name":"\u0413\u043b\u0430\u0432\u043d\u0430\u044f \u0441\u0442\u0440\u0430\u043d\u0438\u0446\u0430","item":"https:\/\/overlandtravel.org\/ecuador\/"},{"@type":"ListItem","position":2,"name":"Ingapirca Ruins Inca Empire"}]},{"@type":"WebSite","@id":"https:\/\/overlandtravel.org\/ecuador\/#website","url":"https:\/\/overlandtravel.org\/ecuador\/","name":"Travel Ecuador","description":"Travel Ecuador","potentialAction":[{"@type":"SearchAction","target":{"@type":"EntryPoint","urlTemplate":"https:\/\/overlandtravel.org\/ecuador\/?s={search_term_string}"},"query-input":{"@type":"PropertyValueSpecification","valueRequired":true,"valueName":"search_term_string"}}],"inLanguage":"ru-RU"}]}},"_links":{"self":[{"href":"https:\/\/overlandtravel.org\/ecuador\/wp-json\/wp\/v2\/pages\/125","targetHints":{"allow":["GET"]}}],"collection":[{"href":"https:\/\/overlandtravel.org\/ecuador\/wp-json\/wp\/v2\/pages"}],"about":[{"href":"https:\/\/overlandtravel.org\/ecuador\/wp-json\/wp\/v2\/types\/page"}],"author":[{"embeddable":true,"href":"https:\/\/overlandtravel.org\/ecuador\/wp-json\/wp\/v2\/users\/1"}],"replies":[{"embeddable":true,"href":"https:\/\/overlandtravel.org\/ecuador\/wp-json\/wp\/v2\/comments?post=125"}],"version-history":[{"count":7,"href":"https:\/\/overlandtravel.org\/ecuador\/wp-json\/wp\/v2\/pages\/125\/revisions"}],"predecessor-version":[{"id":156,"href":"https:\/\/overlandtravel.org\/ecuador\/wp-json\/wp\/v2\/pages\/125\/revisions\/156"}],"wp:attachment":[{"href":"https:\/\/overlandtravel.org\/ecuador\/wp-json\/wp\/v2\/media?parent=125"}],"curies":[{"name":"wp","href":"https:\/\/api.w.org\/{rel}","templated":true}]}}